{"id":24,"date":"2024-01-30T05:14:38","date_gmt":"2024-01-30T05:14:38","guid":{"rendered":"https:\/\/labotrex.boomdevstheme.com\/?page_id=24"},"modified":"2026-03-24T22:00:31","modified_gmt":"2026-03-24T21:00:31","slug":"kontakt","status":"publish","type":"page","link":"https:\/\/aureus.dfirma.pl\/en\/kontakt\/","title":{"rendered":"Kontakt"},"content":{"rendered":"\t\t<div data-elementor-type=\"wp-page\" data-elementor-id=\"24\" class=\"elementor elementor-24\">\n\t\t\t\t\t\t<section class=\"elementor-section elementor-top-section elementor-element elementor-element-212995a elementor-section-full_width elementor-section-height-default elementor-section-height-default\" data-id=\"212995a\" data-element_type=\"section\">\n\t\t\t\t\t\t<div class=\"elementor-container elementor-column-gap-default\">\n\t\t\t\t\t<div class=\"elementor-column elementor-col-100 elementor-top-column elementor-element elementor-element-8c0f945\" data-id=\"8c0f945\" data-element_type=\"column\">\n\t\t\t<div class=\"elementor-widget-wrap elementor-element-populated\">\n\t\t\t\t\t\t<div class=\"elementor-element elementor-element-f455526 elementor-widget elementor-widget-heading\" data-id=\"f455526\" data-element_type=\"widget\" data-widget_type=\"heading.default\">\n\t\t\t\t<div class=\"elementor-widget-container\">\n\t\t\t\t\t<h2 class=\"elementor-heading-title elementor-size-default\">Kontakt<\/h2>\t\t\t\t<\/div>\n\t\t\t\t<\/div>\n\t\t\t\t\t<\/div>\n\t\t<\/div>\n\t\t\t\t\t<\/div>\n\t\t<\/section>\n\t\t\t\t<section class=\"elementor-section elementor-top-section elementor-element elementor-element-542f0c0 elementor-section-full_width contact-info-area elementor-section-height-default elementor-section-height-default\" data-id=\"542f0c0\" data-element_type=\"section\">\n\t\t\t\t\t\t<div class=\"elementor-container elementor-column-gap-no\">\n\t\t\t\t\t<div class=\"elementor-column elementor-col-100 elementor-top-column elementor-element elementor-element-6dacf0e\" data-id=\"6dacf0e\" data-element_type=\"column\">\n\t\t\t<div class=\"elementor-widget-wrap elementor-element-populated\">\n\t\t\t\t\t\t<section class=\"elementor-section elementor-inner-section elementor-element elementor-element-bd55510 elementor-section-boxed elementor-section-height-default elementor-section-height-default\" data-id=\"bd55510\" data-element_type=\"section\">\n\t\t\t\t\t\t<div class=\"elementor-container elementor-column-gap-default\">\n\t\t\t\t\t<div class=\"elementor-column elementor-col-33 elementor-inner-column elementor-element elementor-element-c05a922\" data-id=\"c05a922\" data-element_type=\"column\">\n\t\t\t<div class=\"elementor-widget-wrap elementor-element-populated\">\n\t\t\t\t\t\t<div class=\"elementor-element elementor-element-231222b elementor%s-align-left elementor-widget elementor-widget-contact-info\" data-id=\"231222b\" data-element_type=\"widget\" data-widget_type=\"contact-info.default\">\n\t\t\t\t<div class=\"elementor-widget-container\">\n\t\t\t\t\t<div class=\"icon-card style-1 primary\">\n                <div class=\"icon\">\n            <img decoding=\"async\" src=\"https:\/\/labotrex.boomdevstheme.com\/wp-content\/uploads\/2024\/02\/icon-1.png\" alt=\"\">\n        <\/div>\n        <div class=\"content\">\n                    <h3 class=\"info-title\">Telefon<\/h3>\n                <div class=\"desc\">\n                                            <a href=\"tel:+338631405\" target=\"_blank\">(+48) 33 863 14 05<\/a>\n\n                    <\/div>\n    <\/div>\n<\/div>\n\n\t\t\t\t<\/div>\n\t\t\t\t<\/div>\n\t\t\t\t\t<\/div>\n\t\t<\/div>\n\t\t\t\t<div class=\"elementor-column elementor-col-33 elementor-inner-column elementor-element elementor-element-de7341d\" data-id=\"de7341d\" data-element_type=\"column\">\n\t\t\t<div class=\"elementor-widget-wrap elementor-element-populated\">\n\t\t\t\t\t\t<div class=\"elementor-element elementor-element-4f258b2 elementor%s-align-left elementor-widget elementor-widget-contact-info\" data-id=\"4f258b2\" data-element_type=\"widget\" data-widget_type=\"contact-info.default\">\n\t\t\t\t<div class=\"elementor-widget-container\">\n\t\t\t\t\t<div class=\"icon-card style-1 primary\">\n                <div class=\"icon\">\n            <img decoding=\"async\" src=\"https:\/\/labotrex.boomdevstheme.com\/wp-content\/uploads\/2024\/02\/icon-3.png\" alt=\"\">\n        <\/div>\n        <div class=\"content\">\n                    <h3 class=\"info-title\">Adres<\/h3>\n                <div class=\"desc\">\n                                            <a href=\"#\" target=\"_blank\">Aureus Polska Sp. z o.o.<br>\nul. Ko\u015bciuszki 10<br>\n<br>\n34-350 W\u0119gierska G\u00f3rka<\/a>\n\n                    <\/div>\n    <\/div>\n<\/div>\n\n\t\t\t\t<\/div>\n\t\t\t\t<\/div>\n\t\t\t\t\t<\/div>\n\t\t<\/div>\n\t\t\t\t<div class=\"elementor-column elementor-col-33 elementor-inner-column elementor-element elementor-element-3699cda\" data-id=\"3699cda\" data-element_type=\"column\">\n\t\t\t<div class=\"elementor-widget-wrap elementor-element-populated\">\n\t\t\t\t\t\t<div class=\"elementor-element elementor-element-05d1b82 elementor%s-align-left elementor-widget elementor-widget-contact-info\" data-id=\"05d1b82\" data-element_type=\"widget\" data-widget_type=\"contact-info.default\">\n\t\t\t\t<div class=\"elementor-widget-container\">\n\t\t\t\t\t<div class=\"icon-card style-1 primary\">\n                <div class=\"icon\">\n            <img decoding=\"async\" src=\"https:\/\/labotrex.boomdevstheme.com\/wp-content\/uploads\/2024\/02\/icon-2.png\" alt=\"\">\n        <\/div>\n        <div class=\"content\">\n                    <h3 class=\"info-title\">E-mail<\/h3>\n                <div class=\"desc\">\n                                            <a href=\"mailto:info@aureus-polska.pl\" target=\"_blank\">info@aureus-polska.pl<\/a>\n\n                    <\/div>\n    <\/div>\n<\/div>\n\n\t\t\t\t<\/div>\n\t\t\t\t<\/div>\n\t\t\t\t\t<\/div>\n\t\t<\/div>\n\t\t\t\t\t<\/div>\n\t\t<\/section>\n\t\t\t\t\t<\/div>\n\t\t<\/div>\n\t\t\t\t\t<\/div>\n\t\t<\/section>\n\t\t\t\t<section class=\"elementor-section elementor-top-section elementor-element elementor-element-15e8eae elementor-section-full_width contact-info-area elementor-section-height-default elementor-section-height-default\" data-id=\"15e8eae\" data-element_type=\"section\">\n\t\t\t\t\t\t<div class=\"elementor-container elementor-column-gap-no\">\n\t\t\t\t\t<div class=\"elementor-column elementor-col-100 elementor-top-column elementor-element elementor-element-1a2369f\" data-id=\"1a2369f\" data-element_type=\"column\">\n\t\t\t<div class=\"elementor-widget-wrap elementor-element-populated\">\n\t\t\t\t\t\t<div class=\"elementor-element elementor-element-fe478b4 elementor-widget elementor-widget-google_maps\" data-id=\"fe478b4\" data-element_type=\"widget\" data-widget_type=\"google_maps.default\">\n\t\t\t\t<div class=\"elementor-widget-container\">\n\t\t\t\t\t\t\t<div class=\"elementor-custom-embed\">\n\t\t\t<iframe loading=\"lazy\"\n\t\t\t\t\tsrc=\"https:\/\/maps.google.com\/maps?q=%20Aureus%20Polska%20Sp.%20z%20o.o.%20ul.%20Ko%C5%9Bciuszki%2010%20%2034-350%20W%C4%99gierska%20G%C3%B3rka&#038;t=m&#038;z=15&#038;output=embed&#038;iwloc=near\"\n\t\t\t\t\ttitle=\" Aureus Polska Sp. z o.o. ul. Ko\u015bciuszki 10  34-350 W\u0119gierska G\u00f3rka\"\n\t\t\t\t\taria-label=\" Aureus Polska Sp. z o.o. ul. Ko\u015bciuszki 10  34-350 W\u0119gierska G\u00f3rka\"\n\t\t\t><\/iframe>\n\t\t<\/div>\n\t\t\t\t\t\t<\/div>\n\t\t\t\t<\/div>\n\t\t\t\t\t<\/div>\n\t\t<\/div>\n\t\t\t\t\t<\/div>\n\t\t<\/section>\n\t\t\t\t<section class=\"elementor-section elementor-top-section elementor-element elementor-element-9a13cea elementor-section-full_width elementor-section-height-default elementor-section-height-default\" data-id=\"9a13cea\" data-element_type=\"section\">\n\t\t\t\t\t\t<div class=\"elementor-container elementor-column-gap-default\">\n\t\t\t\t\t<div class=\"elementor-column elementor-col-100 elementor-top-column elementor-element elementor-element-60a7178\" data-id=\"60a7178\" data-element_type=\"column\">\n\t\t\t<div class=\"elementor-widget-wrap elementor-element-populated\">\n\t\t\t\t\t\t<div class=\"elementor-element elementor-element-4e28b51 elementor-align-left elementor-widget elementor-widget-labotrex-contact-form\" data-id=\"4e28b51\" data-element_type=\"widget\" data-widget_type=\"labotrex-contact-form.default\">\n\t\t\t\t<div class=\"elementor-widget-container\">\n\t\t\t\t\t<div class=\"contact-form-area\">\n    <div class=\"container-fluid px-0\">\n        <div class=\"shape-overlay-wrapper\">\n            <div class=\"shape-overlay\">\n                <div class=\"shape-one\">\n                    <div class=\"sticky-left\">\n                        <svg xmlns=\"http:\/\/www.w3.org\/2000\/svg\" width=\"35\" height=\"35\" viewBox=\"0 0 35 35\" fill=\"none\">\n                            <path fill-rule=\"evenodd\" clip-rule=\"evenodd\" d=\"M35 0V35C35 15.67 19.33 0 -1.53184e-05 0H35Z\"\n                                  fill=\"white\" \/>\n                        <\/svg>\n                    <\/div>\n                    <div class=\"sticky-right\">\n                        <svg xmlns=\"http:\/\/www.w3.org\/2000\/svg\" width=\"35\" height=\"35\" viewBox=\"0 0 35 35\" fill=\"none\">\n                            <path fill-rule=\"evenodd\" clip-rule=\"evenodd\" d=\"M35 0V35C35 15.67 19.33 0 -1.53184e-05 0H35Z\"\n                                  fill=\"white\" \/>\n                        <\/svg>\n                    <\/div>\n                <\/div>\n            <\/div>\n        <\/div>\n        <div class=\"row\">\n            <div class=\"col-lg-6 contact-form-image-col\">\n                                <div class=\"image \">\n                    <img decoding=\"async\" src=\"https:\/\/aureus.dfirma.pl\/wp-content\/uploads\/2026\/02\/contact.png\" alt=\"contact form image\">\n                <\/div>\n                            <\/div>\n            <div class=\"col-12 col-lg contact-form-content-col\">\n                <div class=\"comment-respond\">\n                                        <div class=\"post-comments-title\">\n                        <h2>Skontaktuj si\u0119 z naszym\ndzia\u0142em handlowym<\/h2>\n                    <\/div>\n                                        \n<div class=\"wpcf7 no-js\" id=\"wpcf7-f181-o1\" lang=\"en-US\" dir=\"ltr\" data-wpcf7-id=\"181\">\n<div class=\"screen-reader-response\"><p role=\"status\" aria-live=\"polite\" aria-atomic=\"true\"><\/p> <ul><\/ul><\/div>\n<form action=\"\/en\/wp-json\/wp\/v2\/pages\/24#wpcf7-f181-o1\" method=\"post\" class=\"wpcf7-form init\" aria-label=\"Contact form\" novalidate=\"novalidate\" data-status=\"init\">\n<fieldset class=\"hidden-fields-container\"><input type=\"hidden\" name=\"_wpcf7\" value=\"181\" \/><input type=\"hidden\" name=\"_wpcf7_version\" value=\"6.1.5\" \/><input type=\"hidden\" name=\"_wpcf7_locale\" value=\"en_US\" \/><input type=\"hidden\" name=\"_wpcf7_unit_tag\" value=\"wpcf7-f181-o1\" \/><input type=\"hidden\" name=\"_wpcf7_container_post\" value=\"0\" \/><input type=\"hidden\" name=\"_wpcf7_posted_data_hash\" value=\"\" \/>\n<\/fieldset>\n<p><script>\njQuery(function ($) {\n\n const $select = $('select[name=\"select-992\"]');\n\n \/\/ usu\u0144 pierwsz\u0105 opcj\u0119 z oryginalnego selecta\n $select.find('option:first').prop('disabled', true);\n\n \/\/ po wygenerowaniu nice-select usu\u0144 pierwszy element z listy\n setTimeout(function(){\n $select.next('.nice-select').find('.list .option:first').remove();\n }, 50);\n\n});\n<\/script>\n<\/p>\n<div class=\"row gx-3 gy-2\">\n\t<div class=\"col-xl-6\">\n\t\t<div class=\"contacts-name\">\n\t\t\t<p><span class=\"wpcf7-form-control-wrap\" data-name=\"your-name\"><input size=\"40\" maxlength=\"400\" class=\"wpcf7-form-control wpcf7-text\" aria-invalid=\"false\" placeholder=\"Imi\u0119\" value=\"\" type=\"text\" name=\"your-name\" \/><\/span>\n\t\t\t<\/p>\n\t\t<\/div>\n\t<\/div>\n\t<div class=\"col-xl-6\">\n\t\t<div class=\"contacts-name\">\n\t\t\t<p><span class=\"wpcf7-form-control-wrap\" data-name=\"your-name\"><input size=\"40\" maxlength=\"400\" class=\"wpcf7-form-control wpcf7-text\" aria-invalid=\"false\" placeholder=\"Nazwa firmy\" value=\"\" type=\"text\" name=\"your-name\" \/><\/span>\n\t\t\t<\/p>\n\t\t<\/div>\n\t<\/div>\n\t<div class=\"col-xl-12 mb-2 mt-0\">\n\t\t<div class=\"contacts-name\">\n\t\t\t<p><span class=\"wpcf7-form-control-wrap\" data-name=\"select-992\"><select class=\"wpcf7-form-control wpcf7-select\" aria-invalid=\"false\" name=\"select-992\"><option value=\"\">Skala biznesu<\/option><option value=\"Opcja 1\">Opcja 1<\/option><option value=\"Opcja 2\">Opcja 2<\/option><option value=\"Opcja 3\">Opcja 3<\/option><\/select><\/span>\n\t\t\t<\/p>\n\t\t<\/div>\n\t<\/div>\n\t<div class=\"col-xl-12\">\n\t\t<div class=\"contacts-message\">\n\t\t\t<p><span class=\"wpcf7-form-control-wrap\" data-name=\"your-comment\"><textarea cols=\"40\" rows=\"10\" maxlength=\"2000\" class=\"wpcf7-form-control wpcf7-textarea\" aria-invalid=\"false\" placeholder=\"Wiadomo\u015b\u0107\" name=\"your-comment\"><\/textarea><\/span>\n\t\t\t<\/p>\n\t\t<\/div>\n\t<\/div>\n\t<div class=\"col-12\">\n\t\t<p><button class=\"theme-btn\" type=\"submit\">Wy\u015blij wiadomo\u015b\u0107<\/button>\n\t\t<\/p>\n\t<\/div>\n<\/div><div class=\"wpcf7-response-output\" aria-hidden=\"true\"><\/div>\n<\/form>\n<\/div>\n                <\/div>\n            <\/div>\n        <\/div>\n    <\/div>\n<\/div>\n\t\t\t\t<\/div>\n\t\t\t\t<\/div>\n\t\t\t\t\t<\/div>\n\t\t<\/div>\n\t\t\t\t\t<\/div>\n\t\t<\/section>\n\t\t\t\t<\/div>\n\t\t","protected":false},"excerpt":{"rendered":"<p>Kontakt Telefon (+48) 33 863 14 05 Adres Aureus Polska Sp. z o.o. ul. Ko\u015bciuszki 10 34-350 W\u0119gierska G\u00f3rka E-mail info@aureus-polska.pl Skontaktuj si\u0119 z naszym dzia\u0142em handlowym Skala biznesuOpcja 1Opcja 2Opcja 3 Wy\u015blij wiadomo\u015b\u0107<\/p>","protected":false},"author":1,"featured_media":0,"parent":0,"menu_order":0,"comment_status":"closed","ping_status":"closed","template":"elementor_header_footer","meta":{"footnotes":""},"class_list":["post-24","page","type-page","status-publish","hentry"],"_links":{"self":[{"href":"https:\/\/aureus.dfirma.pl\/en\/wp-json\/wp\/v2\/pages\/24","targetHints":{"allow":["GET"]}}],"collection":[{"href":"https:\/\/aureus.dfirma.pl\/en\/wp-json\/wp\/v2\/pages"}],"about":[{"href":"https:\/\/aureus.dfirma.pl\/en\/wp-json\/wp\/v2\/types\/page"}],"author":[{"embeddable":true,"href":"https:\/\/aureus.dfirma.pl\/en\/wp-json\/wp\/v2\/users\/1"}],"replies":[{"embeddable":true,"href":"https:\/\/aureus.dfirma.pl\/en\/wp-json\/wp\/v2\/comments?post=24"}],"version-history":[{"count":145,"href":"https:\/\/aureus.dfirma.pl\/en\/wp-json\/wp\/v2\/pages\/24\/revisions"}],"predecessor-version":[{"id":4425,"href":"https:\/\/aureus.dfirma.pl\/en\/wp-json\/wp\/v2\/pages\/24\/revisions\/4425"}],"wp:attachment":[{"href":"https:\/\/aureus.dfirma.pl\/en\/wp-json\/wp\/v2\/media?parent=24"}],"curies":[{"name":"wp","href":"https:\/\/api.w.org\/{rel}","templated":true}]}}